{"id":8096,"date":"2025-03-26T12:29:07","date_gmt":"2025-03-26T12:29:07","guid":{"rendered":"https:\/\/timbratech.com\/cookie-richtlinie\/"},"modified":"2025-12-15T16:59:08","modified_gmt":"2025-12-15T16:59:08","slug":"cookie-richtlinie","status":"publish","type":"page","link":"https:\/\/timbratech.com\/de\/cookie-richtlinie\/","title":{"rendered":"Cookie-Richtlinie"},"content":{"rendered":"\t\t<div data-elementor-type=\"wp-page\" data-elementor-id=\"8096\" class=\"elementor elementor-8096 elementor-5438\" data-elementor-post-type=\"page\">\n\t\t\t\t<div class=\"elementor-element elementor-element-b351661 e-flex e-con-boxed e-con e-parent\" data-id=\"b351661\" data-element_type=\"container\" data-e-type=\"container\" data-settings=\"{&quot;background_background&quot;:&quot;classic&quot;}\">\n\t\t\t\t\t<div class=\"e-con-inner\">\n\t\t\t\t\t<\/div>\n\t\t\t\t<\/div>\n\t\t<div class=\"elementor-element elementor-element-e4d8867 e-flex e-con-boxed e-con e-parent\" data-id=\"e4d8867\" data-element_type=\"container\" data-e-type=\"container\" data-settings=\"{&quot;background_background&quot;:&quot;gradient&quot;}\">\n\t\t\t\t\t<div class=\"e-con-inner\">\n\t\t\t\t<div class=\"elementor-element elementor-element-ec2fa6c elementor-widget elementor-widget-heading\" data-id=\"ec2fa6c\" data-element_type=\"widget\" data-e-type=\"widget\" data-widget_type=\"heading.default\">\n\t\t\t\t<div class=\"elementor-widget-container\">\n\t\t\t\t\t<h2 class=\"elementor-heading-title elementor-size-default\">Timbra tech\u00ae<\/h2>\t\t\t\t<\/div>\n\t\t\t\t<\/div>\n\t\t\t\t<div class=\"elementor-element elementor-element-4e7ac48 elementor-invisible elementor-widget elementor-widget-heading\" data-id=\"4e7ac48\" data-element_type=\"widget\" data-e-type=\"widget\" data-settings=\"{&quot;_animation&quot;:&quot;fadeIn&quot;}\" data-widget_type=\"heading.default\">\n\t\t\t\t<div class=\"elementor-widget-container\">\n\t\t\t\t\t<h2 class=\"elementor-heading-title elementor-size-default\"><span class=\"underline\">Cookie-Richtlinie<\/span> <\/h2>\t\t\t\t<\/div>\n\t\t\t\t<\/div>\n\t\t\t\t\t<\/div>\n\t\t\t\t<\/div>\n\t\t<div class=\"elementor-element elementor-element-31eb5d0 e-flex e-con-boxed e-con e-parent\" data-id=\"31eb5d0\" data-element_type=\"container\" data-e-type=\"container\">\n\t\t\t\t\t<div class=\"e-con-inner\">\n\t\t\t\t<div class=\"elementor-element elementor-element-908906b elementor-widget elementor-widget-text-editor\" data-id=\"908906b\" data-element_type=\"widget\" data-e-type=\"widget\" data-widget_type=\"text-editor.default\">\n\t\t\t\t<div class=\"elementor-widget-container\">\n\t\t\t\t\t\t\t\t\t<p>Cookies bestehen aus Code-Schnipseln, die im Browser installiert werden und den Eigent\u00fcmer dabei unterst\u00fctzen, den Dienst gem\u00e4\u00df den beschriebenen Zwecken bereitzustellen. Einige der Zwecke, f\u00fcr die Cookies installiert werden, erfordern m\u00f6glicherweise auch die Einwilligung des Nutzers.<br>In F\u00e4llen, in denen die Installation von Cookies auf einer Einwilligung beruht, kann diese Einwilligung jederzeit frei widerrufen werden, indem den in diesem Dokument bereitgestellten Anweisungen gefolgt wird.<br>  <\/p><h4>Technische Cookies und Cookies, die aggregierten statistischen Zwecken dienen<\/h4><h5>\u2022 Aktivit\u00e4ten, die f\u00fcr den Betrieb des Dienstes zwingend erforderlich sind<\/h5><p>www.timbratech.com verwendet Cookies, um die Sitzung des Nutzers zu speichern und andere Aktivit\u00e4ten durchzuf\u00fchren, die f\u00fcr den Betrieb von www.timbratech.com zwingend erforderlich sind, zum Beispiel solche, die sich auf die Verteilung des Datenverkehrs beziehen.<\/p><h5>\u2022 Aktivit\u00e4ten bez\u00fcglich der Speicherung von Pr\u00e4ferenzen, Optimierung und Statistiken<\/h5><p>www.timbratech.com verwendet Cookies, um Browsing-Pr\u00e4ferenzen zu speichern und das Browsing-Erlebnis des Nutzers zu optimieren. Zu diesen Cookies geh\u00f6ren beispielsweise solche, die zur Einstellung von Sprach- und W\u00e4hrungspr\u00e4ferenzen verwendet werden, oder solche zur Verwaltung von Statistiken erster Hand, die direkt vom Website-Eigent\u00fcmer verwendet werden.  <\/p><h4> <\/h4><h4>Andere Arten von Cookies oder Dritte, die Cookies installieren<\/h4><p>Einige der oben aufgef\u00fchrten Dienste sammeln Statistiken auf anonymer und aggregierter Basis und erfordern m\u00f6glicherweise keine Einwilligung des Nutzers oder werden direkt vom Eigent\u00fcmer verwaltet \u2013 je nach Beschreibung \u2013 ohne die Hilfe eines Dritten.<br>Wenn ein von einem Dritten betriebener Dienst unter den unten aufgef\u00fchrten Tools gelistet ist, k\u00f6nnen diese verwendet werden, um die Surfgewohnheiten des Nutzers zu \u00fcberwachen \u2013 zus\u00e4tzlich zu den hier dargelegten Informationen und ohne das Wissen des Eigent\u00fcmers. Bitte konsultieren Sie die Datenschutzrichtlinien der aufgef\u00fchrten Dienste f\u00fcr detailliertere Informationen.<br>Wie kann der Nutzer die Einwilligung zur Installation von Cookies erteilen oder widerrufen?<br>Zus\u00e4tzlich zu dem, was in diesem Dokument festgelegt ist, kann der Nutzer Cookie-Pr\u00e4ferenzen direkt in seinem eigenen Browser verwalten und verhindern \u2013 zum Beispiel \u2013, dass Dritte Cookies installieren.<br>\u00dcber die Browser-Pr\u00e4ferenzen ist es auch m\u00f6glich, in der Vergangenheit installierte Cookies zu l\u00f6schen, einschlie\u00dflich Cookies, die m\u00f6glicherweise die anf\u00e4ngliche Einwilligung f\u00fcr die Installation von Cookies durch diese Website gespeichert haben. Nutzer k\u00f6nnen Informationen zur Verwaltung von Cookies in ihren am h\u00e4ufigsten verwendeten Browsern unter den folgenden Adressen finden: Google Chrome, Mozilla Firefox, Apple Safari und Microsoft Internet Explorer.<br>In Bezug auf von Dritten installierte Cookies k\u00f6nnen Nutzer ihre Pr\u00e4ferenzen verwalten und ihre Einwilligung widerrufen, indem sie auf den Link zur Entfernung klicken \u2013 sofern vorhanden \u2013 oder indem sie den Dritten kontaktieren. Ungeachtet des Vorstehenden informiert der Eigent\u00fcmer, dass Nutzer den Anweisungen folgen k\u00f6nnen, die in den folgenden verlinkten Initiativen der EDAA (EU), der Network Advertising Initiative (USA) und der Digital Advertising Alliance (USA), DAAC (Kanada), DDAI (Japan) oder anderen \u00e4hnlichen Diensten bereitgestellt werden. Solche Initiativen erm\u00f6glichen es den Nutzern, ihre Tracking-Pr\u00e4ferenzen f\u00fcr die meisten Werbetools auszuw\u00e4hlen.<br>     <\/p>\t\t\t\t\t\t\t\t<\/div>\n\t\t\t\t<\/div>\n\t\t\t\t\t<\/div>\n\t\t\t\t<\/div>\n\t\t\t\t<\/div>\n\t\t","protected":false},"excerpt":{"rendered":"<p>Timbra tech\u00ae Cookie-Richtlinie Cookies bestehen aus Code-Schnipseln, die im Browser installiert werden und den Eigent\u00fcmer dabei unterst\u00fctzen, den Dienst gem\u00e4\u00df den beschriebenen Zwecken bereitzustellen. Einige der Zwecke, f\u00fcr die Cookies installiert werden, erfordern m\u00f6glicherweise auch die Einwilligung des Nutzers.In F\u00e4llen, in denen die Installation von Cookies auf einer Einwilligung beruht, kann diese Einwilligung jederzeit frei [&hellip;]<\/p>\n","protected":false},"author":1,"featured_media":0,"parent":0,"menu_order":0,"comment_status":"closed","ping_status":"closed","template":"","meta":{"footnotes":""},"class_list":["post-8096","page","type-page","status-publish","hentry"],"_links":{"self":[{"href":"https:\/\/timbratech.com\/de\/wp-json\/wp\/v2\/pages\/8096","targetHints":{"allow":["GET"]}}],"collection":[{"href":"https:\/\/timbratech.com\/de\/wp-json\/wp\/v2\/pages"}],"about":[{"href":"https:\/\/timbratech.com\/de\/wp-json\/wp\/v2\/types\/page"}],"author":[{"embeddable":true,"href":"https:\/\/timbratech.com\/de\/wp-json\/wp\/v2\/users\/1"}],"replies":[{"embeddable":true,"href":"https:\/\/timbratech.com\/de\/wp-json\/wp\/v2\/comments?post=8096"}],"version-history":[{"count":1,"href":"https:\/\/timbratech.com\/de\/wp-json\/wp\/v2\/pages\/8096\/revisions"}],"predecessor-version":[{"id":8097,"href":"https:\/\/timbratech.com\/de\/wp-json\/wp\/v2\/pages\/8096\/revisions\/8097"}],"wp:attachment":[{"href":"https:\/\/timbratech.com\/de\/wp-json\/wp\/v2\/media?parent=8096"}],"curies":[{"name":"wp","href":"https:\/\/api.w.org\/{rel}","templated":true}]}}