{"id":6728,"date":"2025-03-26T12:29:07","date_gmt":"2025-03-26T12:29:07","guid":{"rendered":"https:\/\/timbratech.com\/politica-de-cookies\/"},"modified":"2026-04-15T16:27:56","modified_gmt":"2026-04-15T16:27:56","slug":"politica-de-cookies","status":"publish","type":"page","link":"https:\/\/timbratech.com\/es\/politica-de-cookies\/","title":{"rendered":"Cookies Policy"},"content":{"rendered":"\t\t<div data-elementor-type=\"wp-page\" data-elementor-id=\"6728\" class=\"elementor elementor-6728 elementor-1653\" data-elementor-post-type=\"page\">\n\t\t\t\t<div class=\"elementor-element elementor-element-b351661 e-flex e-con-boxed e-con e-parent\" data-id=\"b351661\" data-element_type=\"container\" data-e-type=\"container\" data-settings=\"{&quot;background_background&quot;:&quot;classic&quot;}\">\n\t\t\t\t\t<div class=\"e-con-inner\">\n\t\t\t\t\t<\/div>\n\t\t\t\t<\/div>\n\t\t<div class=\"elementor-element elementor-element-e4d8867 e-flex e-con-boxed e-con e-parent\" data-id=\"e4d8867\" data-element_type=\"container\" data-e-type=\"container\" data-settings=\"{&quot;background_background&quot;:&quot;gradient&quot;}\">\n\t\t\t\t\t<div class=\"e-con-inner\">\n\t\t\t\t<div class=\"elementor-element elementor-element-ec2fa6c elementor-widget elementor-widget-heading\" data-id=\"ec2fa6c\" data-element_type=\"widget\" data-e-type=\"widget\" data-widget_type=\"heading.default\">\n\t\t\t\t<div class=\"elementor-widget-container\">\n\t\t\t\t\t<h2 class=\"elementor-heading-title elementor-size-default\">Timbra tech\u00ae<\/h2>\t\t\t\t<\/div>\n\t\t\t\t<\/div>\n\t\t\t\t<div class=\"elementor-element elementor-element-4e7ac48 elementor-invisible elementor-widget elementor-widget-heading\" data-id=\"4e7ac48\" data-element_type=\"widget\" data-e-type=\"widget\" data-settings=\"{&quot;_animation&quot;:&quot;fadeIn&quot;}\" data-widget_type=\"heading.default\">\n\t\t\t\t<div class=\"elementor-widget-container\">\n\t\t\t\t\t<h2 class=\"elementor-heading-title elementor-size-default\"><span class=\"underline\">Cookies Policy<\/span> <\/h2>\t\t\t\t<\/div>\n\t\t\t\t<\/div>\n\t\t\t\t\t<\/div>\n\t\t\t\t<\/div>\n\t\t<div class=\"elementor-element elementor-element-31eb5d0 e-flex e-con-boxed e-con e-parent\" data-id=\"31eb5d0\" data-element_type=\"container\" data-e-type=\"container\">\n\t\t\t\t\t<div class=\"e-con-inner\">\n\t\t\t\t<div class=\"elementor-element elementor-element-908906b elementor-widget elementor-widget-text-editor\" data-id=\"908906b\" data-element_type=\"widget\" data-e-type=\"widget\" data-widget_type=\"text-editor.default\">\n\t\t\t\t<div class=\"elementor-widget-container\">\n\t\t\t\t\t\t\t\t\t<p>Las cookies son fragmentos de c\u00f3digo instalados en el navegador que ayudan al Titular a prestar el Servicio de acuerdo con los fines descritos. Algunos de los fines para los que se instalan las cookies pueden requerir tambi\u00e9n el consentimiento del usuario.<br>En los casos en que la instalaci\u00f3n de cookies se base en el consentimiento, dicho consentimiento podr\u00e1 ser revocado libremente en cualquier momento siguiendo las instrucciones que se indican en este documento. <\/p><h4>Cookies t\u00e9cnicas y cookies con fines estad\u00edsticos agregados<\/h4><h5>\u2022 Actividad estrictamente necesaria para el funcionamiento del Servicio<\/h5><p>www.timbratech.com utiliza cookies para guardar la sesi\u00f3n del usuario y realizar otras actividades estrictamente necesarias para el funcionamiento de www.timbratech.com, como, por ejemplo, las relacionadas con la distribuci\u00f3n del tr\u00e1fico.<\/p><h5>\u2022 Actividades relacionadas con el registro de preferencias, la optimizaci\u00f3n y las estad\u00edsticas<\/h5><p>www.timbratech.com utiliza cookies para guardar las preferencias de navegaci\u00f3n y optimizar la experiencia de navegaci\u00f3n del usuario. Entre estas cookies se encuentran, por ejemplo, las que se utilizan para configurar las preferencias de idioma y moneda, o las destinadas a gestionar estad\u00edsticas propias que utiliza directamente el propietario del sitio web. <\/p><h4> <\/h4><h4>Otros tipos de cookies o terceros que instalan cookies<\/h4><p>Algunos de los servicios mencionados anteriormente recopilan estad\u00edsticas de forma an\u00f3nima y agregada, y es posible que no requieran el consentimiento del usuario o que sean gestionados directamente por el Titular \u2014dependiendo de c\u00f3mo se describan\u2014 sin la intervenci\u00f3n de terceros.<br>Si entre las herramientas que se indican a continuaci\u00f3n figura alg\u00fan servicio gestionado por un tercero, este podr\u00eda utilizarse para monitorizar los h\u00e1bitos de navegaci\u00f3n del usuario, adem\u00e1s de la informaci\u00f3n aqu\u00ed expuesta y sin el conocimiento del Titular. Consulte la pol\u00edtica de privacidad de los servicios indicados para obtener informaci\u00f3n m\u00e1s detallada.<br>\u00bfC\u00f3mo puede el usuario dar o retirar su consentimiento para la instalaci\u00f3n de cookies?<br>Adem\u00e1s de lo establecido en este documento, el usuario puede gestionar las preferencias de cookies directamente desde su propio navegador e impedir, por ejemplo, que terceros instalen cookies.<br>A trav\u00e9s de las preferencias del navegador, tambi\u00e9n es posible eliminar las cookies instaladas anteriormente, incluidas aquellas que puedan haber guardado el consentimiento inicial para la instalaci\u00f3n de cookies por parte de este sitio web. Los usuarios pueden encontrar informaci\u00f3n sobre c\u00f3mo gestionar las cookies en los navegadores que utilizan con m\u00e1s frecuencia en la siguiente direcci\u00f3n: Google Chrome, Mozilla Firefox, Apple Safari y Microsoft Internet Explorer.<br>En lo que respecta a las cookies instaladas por terceros, los usuarios pueden gestionar sus preferencias y retirar su consentimiento haciendo clic en el enlace de eliminaci\u00f3n \u2014si se proporciona\u2014 o poni\u00e9ndose en contacto con el tercero. Sin perjuicio de lo anterior, el Titular informa de que los usuarios pueden seguir las instrucciones proporcionadas en las siguientes iniciativas enlazadas de la EDAA (UE), la Network Advertising Initiative (EE. UU.) y la Digital Advertising Alliance (EE. UU.), la DAAC (Canad\u00e1), la DDAI (Jap\u00f3n) u otros servicios similares. Dichas iniciativas permiten a los usuarios seleccionar sus preferencias de seguimiento para la mayor\u00eda de las herramientas publicitarias.    <\/p>\t\t\t\t\t\t\t\t<\/div>\n\t\t\t\t<\/div>\n\t\t\t\t\t<\/div>\n\t\t\t\t<\/div>\n\t\t\t\t<\/div>\n\t\t","protected":false},"excerpt":{"rendered":"<p>Timbra tech\u00ae Cookies Policy Las cookies son fragmentos de c\u00f3digo instalados en el navegador que ayudan al Titular a prestar el Servicio de acuerdo con los fines descritos. Algunos de los fines para los que se instalan las cookies pueden requerir tambi\u00e9n el consentimiento del usuario.En los casos en que la instalaci\u00f3n de cookies se [&hellip;]<\/p>\n","protected":false},"author":1,"featured_media":0,"parent":0,"menu_order":0,"comment_status":"closed","ping_status":"closed","template":"","meta":{"footnotes":""},"class_list":["post-6728","page","type-page","status-publish","hentry"],"_links":{"self":[{"href":"https:\/\/timbratech.com\/es\/wp-json\/wp\/v2\/pages\/6728","targetHints":{"allow":["GET"]}}],"collection":[{"href":"https:\/\/timbratech.com\/es\/wp-json\/wp\/v2\/pages"}],"about":[{"href":"https:\/\/timbratech.com\/es\/wp-json\/wp\/v2\/types\/page"}],"author":[{"embeddable":true,"href":"https:\/\/timbratech.com\/es\/wp-json\/wp\/v2\/users\/1"}],"replies":[{"embeddable":true,"href":"https:\/\/timbratech.com\/es\/wp-json\/wp\/v2\/comments?post=6728"}],"version-history":[{"count":5,"href":"https:\/\/timbratech.com\/es\/wp-json\/wp\/v2\/pages\/6728\/revisions"}],"predecessor-version":[{"id":10199,"href":"https:\/\/timbratech.com\/es\/wp-json\/wp\/v2\/pages\/6728\/revisions\/10199"}],"wp:attachment":[{"href":"https:\/\/timbratech.com\/es\/wp-json\/wp\/v2\/media?parent=6728"}],"curies":[{"name":"wp","href":"https:\/\/api.w.org\/{rel}","templated":true}]}}