{"id":6593,"date":"2025-03-26T12:29:07","date_gmt":"2025-03-26T12:29:07","guid":{"rendered":"https:\/\/timbratech.com\/politique-relative-aux-cookies\/"},"modified":"2026-04-15T15:42:14","modified_gmt":"2026-04-15T15:42:14","slug":"politique-relative-aux-cookies","status":"publish","type":"page","link":"https:\/\/timbratech.com\/fr\/politique-relative-aux-cookies\/","title":{"rendered":"Politique relative aux Cookies"},"content":{"rendered":"\t\t<div data-elementor-type=\"wp-page\" data-elementor-id=\"6593\" class=\"elementor elementor-6593 elementor-1653\" data-elementor-post-type=\"page\">\n\t\t\t\t<div class=\"elementor-element elementor-element-b351661 e-flex e-con-boxed e-con e-parent\" data-id=\"b351661\" data-element_type=\"container\" data-e-type=\"container\" data-settings=\"{&quot;background_background&quot;:&quot;classic&quot;}\">\n\t\t\t\t\t<div class=\"e-con-inner\">\n\t\t\t\t\t<\/div>\n\t\t\t\t<\/div>\n\t\t<div class=\"elementor-element elementor-element-e4d8867 e-flex e-con-boxed e-con e-parent\" data-id=\"e4d8867\" data-element_type=\"container\" data-e-type=\"container\" data-settings=\"{&quot;background_background&quot;:&quot;gradient&quot;}\">\n\t\t\t\t\t<div class=\"e-con-inner\">\n\t\t\t\t<div class=\"elementor-element elementor-element-ec2fa6c elementor-widget elementor-widget-heading\" data-id=\"ec2fa6c\" data-element_type=\"widget\" data-e-type=\"widget\" data-widget_type=\"heading.default\">\n\t\t\t\t<div class=\"elementor-widget-container\">\n\t\t\t\t\t<h2 class=\"elementor-heading-title elementor-size-default\">Timbra tech\u00ae<\/h2>\t\t\t\t<\/div>\n\t\t\t\t<\/div>\n\t\t\t\t<div class=\"elementor-element elementor-element-4e7ac48 elementor-invisible elementor-widget elementor-widget-heading\" data-id=\"4e7ac48\" data-element_type=\"widget\" data-e-type=\"widget\" data-settings=\"{&quot;_animation&quot;:&quot;fadeIn&quot;}\" data-widget_type=\"heading.default\">\n\t\t\t\t<div class=\"elementor-widget-container\">\n\t\t\t\t\t<h2 class=\"elementor-heading-title elementor-size-default\"><span class=\"underline\">Politique relative aux Cookies<\/span> <\/h2>\t\t\t\t<\/div>\n\t\t\t\t<\/div>\n\t\t\t\t\t<\/div>\n\t\t\t\t<\/div>\n\t\t<div class=\"elementor-element elementor-element-31eb5d0 e-flex e-con-boxed e-con e-parent\" data-id=\"31eb5d0\" data-element_type=\"container\" data-e-type=\"container\">\n\t\t\t\t\t<div class=\"e-con-inner\">\n\t\t\t\t<div class=\"elementor-element elementor-element-908906b elementor-widget elementor-widget-text-editor\" data-id=\"908906b\" data-element_type=\"widget\" data-e-type=\"widget\" data-widget_type=\"text-editor.default\">\n\t\t\t\t<div class=\"elementor-widget-container\">\n\t\t\t\t\t\t\t\t\t<p>Les cookies sont des \u00e9l\u00e9ments de code install\u00e9s dans le navigateur qui aident le Propri\u00e9taire \u00e0 fournir le Service conform\u00e9ment aux finalit\u00e9s d\u00e9crites. Certaines des finalit\u00e9s pour lesquelles des cookies sont install\u00e9s peuvent \u00e9galement n\u00e9cessiter le consentement de l&rsquo;utilisateur.<br>Lorsque l&rsquo;installation des cookies repose sur le consentement, celui-ci peut \u00eatre librement retir\u00e9 \u00e0 tout moment en suivant les instructions fournies dans le pr\u00e9sent document. <\/p><h4>Cookies techniques et cookies utilis\u00e9s \u00e0 des fins statistiques agr\u00e9g\u00e9es<\/h4><h5>\u2022 Activit\u00e9 strictement n\u00e9cessaire au fonctionnement du Service<\/h5><p>www.timbratech.com utilise des cookies pour enregistrer la session de l&rsquo;utilisateur et effectuer d&rsquo;autres op\u00e9rations strictement n\u00e9cessaires au bon fonctionnement de www.timbratech.com, par exemple celles li\u00e9es \u00e0 la r\u00e9partition du trafic.<\/p><h5>\u2022 Activit\u00e9s li\u00e9es \u00e0 l&rsquo;enregistrement des pr\u00e9f\u00e9rences, \u00e0 l&rsquo;optimisation et aux statistiques<\/h5><p>Le site www.timbratech.com utilise des cookies pour enregistrer les pr\u00e9f\u00e9rences de navigation et optimiser l&rsquo;exp\u00e9rience de navigation de l&rsquo;utilisateur. Parmi ces cookies figurent, par exemple, ceux utilis\u00e9s pour d\u00e9finir les pr\u00e9f\u00e9rences de langue et de devise, ou ceux servant \u00e0 g\u00e9rer les statistiques internes utilis\u00e9es directement par le propri\u00e9taire du site web. <\/p><h4> <\/h4><h4>Autres types de cookies ou tiers qui installent des cookies<\/h4><p>Certains des services mentionn\u00e9s ci-dessus collectent des statistiques de mani\u00e8re anonyme et agr\u00e9g\u00e9e et peuvent ne pas n\u00e9cessiter le consentement de l&rsquo;utilisateur ou \u00eatre g\u00e9r\u00e9s directement par le Propri\u00e9taire \u2013 selon leur description \u2013 sans l&rsquo;intervention d&rsquo;un tiers.<br>Si un service exploit\u00e9 par un tiers figure parmi les outils ci-dessous, il peut \u00eatre utilis\u00e9 pour surveiller les habitudes de navigation de l&rsquo;utilisateur \u2013 en plus des informations expos\u00e9es ici et \u00e0 l&rsquo;insu du Propri\u00e9taire. Veuillez consulter la politique de confidentialit\u00e9 des services mentionn\u00e9s pour obtenir des informations plus d\u00e9taill\u00e9es.<br>Comment l&rsquo;utilisateur peut-il donner ou retirer son consentement \u00e0 l&rsquo;installation de cookies ?<br>Outre ce qui est indiqu\u00e9 dans le pr\u00e9sent document, l&rsquo;utilisateur peut g\u00e9rer ses pr\u00e9f\u00e9rences en mati\u00e8re de cookies directement depuis son propre navigateur et emp\u00eacher, par exemple, des tiers d&rsquo;installer des cookies.<br>Gr\u00e2ce aux param\u00e8tres du navigateur, il est \u00e9galement possible de supprimer les cookies install\u00e9s par le pass\u00e9, y compris ceux qui ont pu enregistrer le consentement initial \u00e0 l&rsquo;installation de cookies par ce site web. Les utilisateurs peuvent trouver des informations sur la gestion des cookies dans les navigateurs qu&rsquo;ils utilisent le plus fr\u00e9quemment aux adresses suivantes : Google Chrome, Mozilla Firefox, Apple Safari et Microsoft Internet Explorer.<br>    <\/p>\t\t\t\t\t\t\t\t<\/div>\n\t\t\t\t<\/div>\n\t\t\t\t\t<\/div>\n\t\t\t\t<\/div>\n\t\t\t\t<\/div>\n\t\t","protected":false},"excerpt":{"rendered":"<p>Timbra tech\u00ae Politique relative aux Cookies Les cookies sont des \u00e9l\u00e9ments de code install\u00e9s dans le navigateur qui aident le Propri\u00e9taire \u00e0 fournir le Service conform\u00e9ment aux finalit\u00e9s d\u00e9crites. Certaines des finalit\u00e9s pour lesquelles des cookies sont install\u00e9s peuvent \u00e9galement n\u00e9cessiter le consentement de l&rsquo;utilisateur.Lorsque l&rsquo;installation des cookies repose sur le consentement, celui-ci peut \u00eatre [&hellip;]<\/p>\n","protected":false},"author":1,"featured_media":0,"parent":0,"menu_order":0,"comment_status":"closed","ping_status":"closed","template":"","meta":{"footnotes":""},"class_list":["post-6593","page","type-page","status-publish","hentry"],"_links":{"self":[{"href":"https:\/\/timbratech.com\/fr\/wp-json\/wp\/v2\/pages\/6593","targetHints":{"allow":["GET"]}}],"collection":[{"href":"https:\/\/timbratech.com\/fr\/wp-json\/wp\/v2\/pages"}],"about":[{"href":"https:\/\/timbratech.com\/fr\/wp-json\/wp\/v2\/types\/page"}],"author":[{"embeddable":true,"href":"https:\/\/timbratech.com\/fr\/wp-json\/wp\/v2\/users\/1"}],"replies":[{"embeddable":true,"href":"https:\/\/timbratech.com\/fr\/wp-json\/wp\/v2\/comments?post=6593"}],"version-history":[{"count":2,"href":"https:\/\/timbratech.com\/fr\/wp-json\/wp\/v2\/pages\/6593\/revisions"}],"predecessor-version":[{"id":10190,"href":"https:\/\/timbratech.com\/fr\/wp-json\/wp\/v2\/pages\/6593\/revisions\/10190"}],"wp:attachment":[{"href":"https:\/\/timbratech.com\/fr\/wp-json\/wp\/v2\/media?parent=6593"}],"curies":[{"name":"wp","href":"https:\/\/api.w.org\/{rel}","templated":true}]}}